{"id":17,"date":"2024-07-28T06:19:30","date_gmt":"2024-07-28T06:19:30","guid":{"rendered":"https:\/\/alpplus.com.pl\/?page_id=17"},"modified":"2024-08-05T17:05:19","modified_gmt":"2024-08-05T17:05:19","slug":"wspolpraca","status":"publish","type":"page","link":"https:\/\/alpplus.com.pl\/index.php\/wspolpraca\/","title":{"rendered":"WSP\u00d3\u0141PRACA"},"content":{"rendered":"\n<p class=\"has-large-font-size\"><strong>Postaw na bezpiecze\u0144stwo i wygod\u0119 dla swojej firmy!<\/strong><\/p>\n\n\n\n<hr class=\"wp-block-separator has-alpha-channel-opacity\"\/>\n\n\n\n<div class=\"wp-block-columns is-layout-flex wp-container-core-columns-is-layout-1 wp-block-columns-is-layout-flex\">\n<div class=\"wp-block-column is-layout-flow wp-block-column-is-layout-flow\">\n<p><\/p>\n\n\n\n<p class=\"has-text-align-left\"><strong>ALPPLUS<\/strong> oferuje kompleksowe prace instalacyjno-monta\u017cowe na obiektach energetycznych i przemys\u0142owych w Polsce i za granic\u0105. Nasza do\u015bwiadczona oraz wysoko wykwalifikowana kadra elektromonterska zapewnia najwy\u017csz\u0105 jako\u015b\u0107 us\u0142ug, dostosowan\u0105 do indywidualnych potrzeb naszych klient\u00f3w.<\/p>\n\n\n\n<p class=\"has-text-align-left\"><strong>Zakres wykonywanych monta\u017cy obejmuje:<\/strong><\/p>\n\n\n\n<ul class=\"wp-block-list\">\n<li>Trasy kablowe g\u0142\u00f3wne i pomocnicze.<\/li>\n\n\n\n<li>Wsparcie w uruchomieniu i rozruchu instalacji<\/li>\n\n\n\n<li>Monta\u017c system\u00f3w kablowych wysokiego, \u015bredniego i niskiego napi\u0119cia.<\/li>\n\n\n\n<li>Montujemy wszelkie urz\u0105dzenia elektryczne oraz aparatur\u0119 kontrolno-pomiarow\u0105.<\/li>\n\n\n\n<li>Instalacje uziemienia, odgromowe i po\u0142\u0105czenia wyr\u00f3wnawcze.<\/li>\n\n\n\n<li>Kompletne instalacje o\u015bwietleniowe.<\/li>\n<\/ul>\n\n\n\n<p class=\"has-text-align-left\">Nasze prace prowadzimy przy u\u017cyciu specjalistycznego sprz\u0119tu i wysokiej jako\u015bci narz\u0119dzi. Dokonujemy pomiar\u00f3w i tworzymy pe\u0142n\u0105 dokumentacj\u0119 powykonawcz\u0105 dla klienta.<\/p>\n\n\n\n<p class=\"has-text-align-left\">Na etapie eksploatacji prowadzimy wymagane przegl\u0105dy i pomiary instalacji.<\/p>\n\n\n\n<p class=\"has-text-align-left\"><strong>W przypadku um\u00f3w d\u0142ugoterminowych zapewniamy:<\/strong><\/p>\n\n\n\n<ul class=\"wp-block-list\">\n<li>preferencyjne stawki godzinowe<\/li>\n\n\n\n<li>opiek\u0119 klienta<\/li>\n\n\n\n<li>priorytetowy dost\u0119p do us\u0142ug<\/li>\n<\/ul>\n<\/div>\n\n\n\n<div class=\"wp-block-column is-layout-flow wp-block-column-is-layout-flow\">\n<p><\/p>\n\n\n\n<p><strong>Skontaktuj si\u0119 z nami po wycen\u0119 i zacznij wsp\u00f3\u0142prac\u0119 z ALPPLUS!<\/strong><\/p>\n\n\n\n<p>Je\u017celi szukasz solidnego partnera do realizacji prac instalacyjno-monta\u017cowych na obiektach energetycznych i przemys\u0142owych, to ALPPLUS jest najlepszym wyborem. Nasza do\u015bwiadczona kadra oraz innowacyjne podej\u015bcie do zarz\u0105dzania projektami zapewni\u0105 Ci spok\u00f3j i pewno\u015b\u0107, \u017ce Twoja inwestycja jest w dobrych r\u0119kach.<\/p>\n\n\n\n<p><strong>Dlaczego warto wybra\u0107 ALPPLUS?<\/strong><\/p>\n\n\n\n<p>Do\u015bwiadczenie i profesjonalizm: Nasz zesp\u00f3\u0142 sk\u0142ada si\u0119 z wykwalifikowanych specjalist\u00f3w z wieloletnim do\u015bwiadczeniem w bran\u017cy.<\/p>\n\n\n\n<ul class=\"wp-block-list\">\n<li><strong>Indywidualne podej\u015bcie:<\/strong> Ka\u017cdy projekt traktujemy indywidualnie, dostosowuj\u0105c nasze us\u0142ugi do specyficznych potrzeb i oczekiwa\u0144 klienta.<\/li>\n\n\n\n<li><strong>Nowoczesne technologie:<\/strong> Stosujemy zaawansowane technologie i specjalistyczny sprz\u0119t, aby zapewni\u0107 najwy\u017csz\u0105 jako\u015b\u0107 i efektywno\u015b\u0107 naszych prac.<\/li>\n\n\n\n<li><strong>Kompleksowe us\u0142ugi: <\/strong>Oferujemy pe\u0142en zakres us\u0142ug \u2013 od monta\u017cu, a\u017c po uruchomienie i wsparcie eksploatacyjne.<\/li>\n<\/ul>\n\n\n\n<p><strong>Zg\u0142o\u015b si\u0119 do nas po wycen\u0119!<\/strong><\/p>\n\n\n\n<p>Nasz zesp\u00f3\u0142 jest gotowy, aby przedstawi\u0107 Ci szczeg\u00f3\u0142ow\u0105 wycen\u0119 Twojego projektu. Skontaktuj si\u0119 z nami ju\u017c dzi\u015b, aby om\u00f3wi\u0107 swoje potrzeby i dowiedzie\u0107 si\u0119, jak mo\u017cemy Ci pom\u00f3c.<\/p>\n\n\n\n<p><strong>Zacznij wsp\u00f3\u0142prac\u0119 z ALPPLUS!<\/strong><\/p>\n\n\n\n<p>Budujemy trwa\u0142e relacje z naszymi klientami, oparte na zaufaniu, profesjonalizmie i najwy\u017cszych standardach jako\u015bci. Wsp\u00f3\u0142praca z ALPPLUS to gwarancja sukcesu Twoich projekt\u00f3w instalacyjno-monta\u017cowych.<\/p>\n\n\n\n<p><strong>Skontaktuj si\u0119 z nami:<\/strong><\/p>\n\n\n\n<p>Napisz do nas na adres: <strong>contact@alpplus.com.pl<\/strong> &#8211; wsp\u00f3lnie ustalimy warunki wsp\u00f3\u0142pracy. Zobacz, jak ALPPLUS mo\u017ce przyczyni\u0107 si\u0119 do sukcesu Twojej firmy.<\/p>\n<\/div>\n<\/div>\n","protected":false},"excerpt":{"rendered":"<p>Postaw na bezpiecze\u0144stwo i wygod\u0119 dla swojej firmy! ALPPLUS oferuje kompleksowe prace instalacyjno-monta\u017cowe na obiektach energetycznych i przemys\u0142owych w Polsce i za granic\u0105. Nasza do\u015bwiadczona&hellip;<\/p>\n","protected":false},"author":1,"featured_media":0,"parent":0,"menu_order":0,"comment_status":"closed","ping_status":"closed","template":"","meta":{"footnotes":""},"class_list":["post-17","page","type-page","status-publish","hentry"],"_links":{"self":[{"href":"https:\/\/alpplus.com.pl\/index.php\/wp-json\/wp\/v2\/pages\/17"}],"collection":[{"href":"https:\/\/alpplus.com.pl\/index.php\/wp-json\/wp\/v2\/pages"}],"about":[{"href":"https:\/\/alpplus.com.pl\/index.php\/wp-json\/wp\/v2\/types\/page"}],"author":[{"embeddable":true,"href":"https:\/\/alpplus.com.pl\/index.php\/wp-json\/wp\/v2\/users\/1"}],"replies":[{"embeddable":true,"href":"https:\/\/alpplus.com.pl\/index.php\/wp-json\/wp\/v2\/comments?post=17"}],"version-history":[{"count":26,"href":"https:\/\/alpplus.com.pl\/index.php\/wp-json\/wp\/v2\/pages\/17\/revisions"}],"predecessor-version":[{"id":411,"href":"https:\/\/alpplus.com.pl\/index.php\/wp-json\/wp\/v2\/pages\/17\/revisions\/411"}],"wp:attachment":[{"href":"https:\/\/alpplus.com.pl\/index.php\/wp-json\/wp\/v2\/media?parent=17"}],"curies":[{"name":"wp","href":"https:\/\/api.w.org\/{rel}","templated":true}]}}